{"id":388,"date":"2022-01-25T10:36:08","date_gmt":"2022-01-25T09:36:08","guid":{"rendered":"http:\/\/clematis-westphal.de.dedi3074.your-server.de\/?post_type=product&#038;p=388"},"modified":"2026-02-17T13:32:41","modified_gmt":"2026-02-17T12:32:41","slug":"clematis-sylvia-denny","status":"publish","type":"product","link":"https:\/\/clematis-westphal.de\/en\/produkt\/clematis-sylvia-denny\/","title":{"rendered":"Clematis Sylvia Denny"},"content":{"rendered":"","protected":false},"excerpt":{"rendered":"<p>f\u00fcr trockene Standorte, gef\u00fcllt und ungef\u00fcllt bl\u00fchend<\/p>\n","protected":false},"featured_media":391,"menu_order":295,"template":"","meta":{"_acf_changed":false},"product_brand":[],"product_cat":[16],"product_tag":[55],"class_list":{"0":"post-388","1":"product","2":"type-product","3":"status-publish","4":"has-post-thumbnail","6":"product_cat-clematis-hybriden","7":"product_tag-weiss","9":"first","10":"outofstock","11":"taxable","12":"shipping-taxable","13":"purchasable","14":"product-type-simple"},"acf":[],"yoast_head":"<!-- This site is optimized with the Yoast SEO plugin v27.4 - https:\/\/yoast.com\/product\/yoast-seo-wordpress\/ -->\n<title>Clematis Sylvia Denny - Clematis Westphal<\/title>\n<meta name=\"robots\" content=\"index, follow, max-snippet:-1, max-image-preview:large, max-video-preview:-1\" \/>\n<link rel=\"canonical\" href=\"https:\/\/clematis-westphal.de\/en\/produkt\/clematis-sylvia-denny\/\" \/>\n<meta property=\"og:locale\" content=\"en_US\" \/>\n<meta property=\"og:type\" content=\"article\" \/>\n<meta property=\"og:title\" content=\"Clematis Sylvia Denny - Clematis Westphal\" \/>\n<meta property=\"og:description\" content=\"f\u00fcr trockene Standorte, gef\u00fcllt und ungef\u00fcllt bl\u00fchend\" \/>\n<meta property=\"og:url\" content=\"https:\/\/clematis-westphal.de\/en\/produkt\/clematis-sylvia-denny\/\" \/>\n<meta property=\"og:site_name\" content=\"Clematis Westphal\" \/>\n<meta property=\"article:modified_time\" content=\"2026-02-17T12:32:41+00:00\" \/>\n<meta property=\"og:image\" content=\"https:\/\/clematis-westphal.de\/wp-content\/uploads\/2022\/01\/280_Sylvia-Denny-2.jpg\" \/>\n\t<meta property=\"og:image:width\" content=\"420\" \/>\n\t<meta property=\"og:image:height\" content=\"420\" \/>\n\t<meta property=\"og:image:type\" content=\"image\/jpeg\" \/>\n<meta name=\"twitter:card\" content=\"summary_large_image\" \/>\n<meta name=\"twitter:label1\" content=\"Est. reading time\" \/>\n\t<meta name=\"twitter:data1\" content=\"1 minute\" \/>\n<script type=\"application\/ld+json\" class=\"yoast-schema-graph\">{\"@context\":\"https:\\\/\\\/schema.org\",\"@graph\":[{\"@type\":\"WebPage\",\"@id\":\"https:\\\/\\\/clematis-westphal.de\\\/en\\\/produkt\\\/clematis-sylvia-denny\\\/\",\"url\":\"https:\\\/\\\/clematis-westphal.de\\\/en\\\/produkt\\\/clematis-sylvia-denny\\\/\",\"name\":\"Clematis Sylvia Denny - Clematis Westphal\",\"isPartOf\":{\"@id\":\"https:\\\/\\\/clematis-westphal.de\\\/en\\\/#website\"},\"primaryImageOfPage\":{\"@id\":\"https:\\\/\\\/clematis-westphal.de\\\/en\\\/produkt\\\/clematis-sylvia-denny\\\/#primaryimage\"},\"image\":{\"@id\":\"https:\\\/\\\/clematis-westphal.de\\\/en\\\/produkt\\\/clematis-sylvia-denny\\\/#primaryimage\"},\"thumbnailUrl\":\"https:\\\/\\\/clematis-westphal.de\\\/wp-content\\\/uploads\\\/2022\\\/01\\\/280_Sylvia-Denny-2.jpg\",\"datePublished\":\"2022-01-25T09:36:08+00:00\",\"dateModified\":\"2026-02-17T12:32:41+00:00\",\"breadcrumb\":{\"@id\":\"https:\\\/\\\/clematis-westphal.de\\\/en\\\/produkt\\\/clematis-sylvia-denny\\\/#breadcrumb\"},\"inLanguage\":\"en-US\",\"potentialAction\":[{\"@type\":\"ReadAction\",\"target\":[\"https:\\\/\\\/clematis-westphal.de\\\/en\\\/produkt\\\/clematis-sylvia-denny\\\/\"]}]},{\"@type\":\"ImageObject\",\"inLanguage\":\"en-US\",\"@id\":\"https:\\\/\\\/clematis-westphal.de\\\/en\\\/produkt\\\/clematis-sylvia-denny\\\/#primaryimage\",\"url\":\"https:\\\/\\\/clematis-westphal.de\\\/wp-content\\\/uploads\\\/2022\\\/01\\\/280_Sylvia-Denny-2.jpg\",\"contentUrl\":\"https:\\\/\\\/clematis-westphal.de\\\/wp-content\\\/uploads\\\/2022\\\/01\\\/280_Sylvia-Denny-2.jpg\",\"width\":420,\"height\":420,\"caption\":\"Clematis Sylivia Denny\"},{\"@type\":\"BreadcrumbList\",\"@id\":\"https:\\\/\\\/clematis-westphal.de\\\/en\\\/produkt\\\/clematis-sylvia-denny\\\/#breadcrumb\",\"itemListElement\":[{\"@type\":\"ListItem\",\"position\":1,\"name\":\"Startseite\",\"item\":\"https:\\\/\\\/clematis-westphal.de\\\/en\\\/homepage\\\/\"},{\"@type\":\"ListItem\",\"position\":2,\"name\":\"Shop\",\"item\":\"https:\\\/\\\/clematis-westphal.de\\\/en\\\/shop-2\\\/\"},{\"@type\":\"ListItem\",\"position\":3,\"name\":\"Clematis Sylvia Denny\"}]},{\"@type\":\"WebSite\",\"@id\":\"https:\\\/\\\/clematis-westphal.de\\\/en\\\/#website\",\"url\":\"https:\\\/\\\/clematis-westphal.de\\\/en\\\/\",\"name\":\"Clematis Westphal\",\"description\":\"Der Clematis Onlineshop\",\"publisher\":{\"@id\":\"https:\\\/\\\/clematis-westphal.de\\\/en\\\/#organization\"},\"potentialAction\":[{\"@type\":\"SearchAction\",\"target\":{\"@type\":\"EntryPoint\",\"urlTemplate\":\"https:\\\/\\\/clematis-westphal.de\\\/en\\\/?s={search_term_string}\"},\"query-input\":{\"@type\":\"PropertyValueSpecification\",\"valueRequired\":true,\"valueName\":\"search_term_string\"}}],\"inLanguage\":\"en-US\"},{\"@type\":\"Organization\",\"@id\":\"https:\\\/\\\/clematis-westphal.de\\\/en\\\/#organization\",\"name\":\"Clematis Westphal\",\"url\":\"https:\\\/\\\/clematis-westphal.de\\\/en\\\/\",\"logo\":{\"@type\":\"ImageObject\",\"inLanguage\":\"en-US\",\"@id\":\"https:\\\/\\\/clematis-westphal.de\\\/en\\\/#\\\/schema\\\/logo\\\/image\\\/\",\"url\":\"https:\\\/\\\/clematis-westphal.de\\\/wp-content\\\/uploads\\\/2022\\\/01\\\/cropped-Clematis_Westpfahl.jpg\",\"contentUrl\":\"https:\\\/\\\/clematis-westphal.de\\\/wp-content\\\/uploads\\\/2022\\\/01\\\/cropped-Clematis_Westpfahl.jpg\",\"width\":1950,\"height\":325,\"caption\":\"Clematis Westphal\"},\"image\":{\"@id\":\"https:\\\/\\\/clematis-westphal.de\\\/en\\\/#\\\/schema\\\/logo\\\/image\\\/\"}}]}<\/script>\n<!-- \/ Yoast SEO plugin. -->","yoast_head_json":{"title":"Clematis Sylvia Denny - Clematis Westphal","robots":{"index":"index","follow":"follow","max-snippet":"max-snippet:-1","max-image-preview":"max-image-preview:large","max-video-preview":"max-video-preview:-1"},"canonical":"https:\/\/clematis-westphal.de\/en\/produkt\/clematis-sylvia-denny\/","og_locale":"en_US","og_type":"article","og_title":"Clematis Sylvia Denny - Clematis Westphal","og_description":"f\u00fcr trockene Standorte, gef\u00fcllt und ungef\u00fcllt bl\u00fchend","og_url":"https:\/\/clematis-westphal.de\/en\/produkt\/clematis-sylvia-denny\/","og_site_name":"Clematis Westphal","article_modified_time":"2026-02-17T12:32:41+00:00","og_image":[{"width":420,"height":420,"url":"https:\/\/clematis-westphal.de\/wp-content\/uploads\/2022\/01\/280_Sylvia-Denny-2.jpg","type":"image\/jpeg"}],"twitter_card":"summary_large_image","twitter_misc":{"Est. reading time":"1 minute"},"schema":{"@context":"https:\/\/schema.org","@graph":[{"@type":"WebPage","@id":"https:\/\/clematis-westphal.de\/en\/produkt\/clematis-sylvia-denny\/","url":"https:\/\/clematis-westphal.de\/en\/produkt\/clematis-sylvia-denny\/","name":"Clematis Sylvia Denny - Clematis Westphal","isPartOf":{"@id":"https:\/\/clematis-westphal.de\/en\/#website"},"primaryImageOfPage":{"@id":"https:\/\/clematis-westphal.de\/en\/produkt\/clematis-sylvia-denny\/#primaryimage"},"image":{"@id":"https:\/\/clematis-westphal.de\/en\/produkt\/clematis-sylvia-denny\/#primaryimage"},"thumbnailUrl":"https:\/\/clematis-westphal.de\/wp-content\/uploads\/2022\/01\/280_Sylvia-Denny-2.jpg","datePublished":"2022-01-25T09:36:08+00:00","dateModified":"2026-02-17T12:32:41+00:00","breadcrumb":{"@id":"https:\/\/clematis-westphal.de\/en\/produkt\/clematis-sylvia-denny\/#breadcrumb"},"inLanguage":"en-US","potentialAction":[{"@type":"ReadAction","target":["https:\/\/clematis-westphal.de\/en\/produkt\/clematis-sylvia-denny\/"]}]},{"@type":"ImageObject","inLanguage":"en-US","@id":"https:\/\/clematis-westphal.de\/en\/produkt\/clematis-sylvia-denny\/#primaryimage","url":"https:\/\/clematis-westphal.de\/wp-content\/uploads\/2022\/01\/280_Sylvia-Denny-2.jpg","contentUrl":"https:\/\/clematis-westphal.de\/wp-content\/uploads\/2022\/01\/280_Sylvia-Denny-2.jpg","width":420,"height":420,"caption":"Clematis Sylivia Denny"},{"@type":"BreadcrumbList","@id":"https:\/\/clematis-westphal.de\/en\/produkt\/clematis-sylvia-denny\/#breadcrumb","itemListElement":[{"@type":"ListItem","position":1,"name":"Startseite","item":"https:\/\/clematis-westphal.de\/en\/homepage\/"},{"@type":"ListItem","position":2,"name":"Shop","item":"https:\/\/clematis-westphal.de\/en\/shop-2\/"},{"@type":"ListItem","position":3,"name":"Clematis Sylvia Denny"}]},{"@type":"WebSite","@id":"https:\/\/clematis-westphal.de\/en\/#website","url":"https:\/\/clematis-westphal.de\/en\/","name":"Clematis Westphal","description":"Der Clematis Onlineshop","publisher":{"@id":"https:\/\/clematis-westphal.de\/en\/#organization"},"potentialAction":[{"@type":"SearchAction","target":{"@type":"EntryPoint","urlTemplate":"https:\/\/clematis-westphal.de\/en\/?s={search_term_string}"},"query-input":{"@type":"PropertyValueSpecification","valueRequired":true,"valueName":"search_term_string"}}],"inLanguage":"en-US"},{"@type":"Organization","@id":"https:\/\/clematis-westphal.de\/en\/#organization","name":"Clematis Westphal","url":"https:\/\/clematis-westphal.de\/en\/","logo":{"@type":"ImageObject","inLanguage":"en-US","@id":"https:\/\/clematis-westphal.de\/en\/#\/schema\/logo\/image\/","url":"https:\/\/clematis-westphal.de\/wp-content\/uploads\/2022\/01\/cropped-Clematis_Westpfahl.jpg","contentUrl":"https:\/\/clematis-westphal.de\/wp-content\/uploads\/2022\/01\/cropped-Clematis_Westpfahl.jpg","width":1950,"height":325,"caption":"Clematis Westphal"},"image":{"@id":"https:\/\/clematis-westphal.de\/en\/#\/schema\/logo\/image\/"}}]}},"_links":{"self":[{"href":"https:\/\/clematis-westphal.de\/en\/wp-json\/wp\/v2\/product\/388","targetHints":{"allow":["GET"]}}],"collection":[{"href":"https:\/\/clematis-westphal.de\/en\/wp-json\/wp\/v2\/product"}],"about":[{"href":"https:\/\/clematis-westphal.de\/en\/wp-json\/wp\/v2\/types\/product"}],"wp:featuredmedia":[{"embeddable":true,"href":"https:\/\/clematis-westphal.de\/en\/wp-json\/wp\/v2\/media\/391"}],"wp:attachment":[{"href":"https:\/\/clematis-westphal.de\/en\/wp-json\/wp\/v2\/media?parent=388"}],"wp:term":[{"taxonomy":"product_brand","embeddable":true,"href":"https:\/\/clematis-westphal.de\/en\/wp-json\/wp\/v2\/product_brand?post=388"},{"taxonomy":"product_cat","embeddable":true,"href":"https:\/\/clematis-westphal.de\/en\/wp-json\/wp\/v2\/product_cat?post=388"},{"taxonomy":"product_tag","embeddable":true,"href":"https:\/\/clematis-westphal.de\/en\/wp-json\/wp\/v2\/product_tag?post=388"}],"curies":[{"name":"wp","href":"https:\/\/api.w.org\/{rel}","templated":true}]}}