{"id":1649,"date":"2022-01-28T15:02:03","date_gmt":"2022-01-28T14:02:03","guid":{"rendered":"http:\/\/clematis-westphal.de.dedi3074.your-server.de\/?post_type=product&#038;p=1649"},"modified":"2025-06-02T12:33:48","modified_gmt":"2025-06-02T10:33:48","slug":"das-clematis-jahrbuch","status":"publish","type":"product","link":"https:\/\/clematis-westphal.de\/en\/produkt\/das-clematis-jahrbuch\/","title":{"rendered":"Das Clematis Jahrbuch"},"content":{"rendered":"","protected":false},"excerpt":{"rendered":"<div><span style=\"font-size: small;\"><strong>Das Clematis Jahrbuch, 96 Seiten. ISBN: 978-3-00-055446-9. Autor: Friedrich Manfred Westphal.\u00a0<\/strong>(Kann auch \u00fcber den\u00a0Buchhandel erworben werden)<\/span><\/div>\n<div><strong><span style=\"font-size: small;\">Gliederung in 12 Monate. Umfangreiche bebilderte Beschreibungen, Monat f\u00fcr Monat. Viele neue Details wie z.B. Termingerechte Pflege, Pflanzung, Bew\u00e4sserung, Ern\u00e4hrung, Kletterhilfen, R\u00fcckschnitt, Krankheiten und\u00a0Sch\u00e4dlinge.<\/span><\/strong><\/div>\n<div><\/div>\n","protected":false},"featured_media":6967,"menu_order":417,"template":"","meta":{"_acf_changed":false},"product_brand":[],"product_cat":[25],"product_tag":[],"class_list":{"0":"post-1649","1":"product","2":"type-product","3":"status-publish","4":"has-post-thumbnail","6":"product_cat-kataloge-buecher","8":"first","9":"outofstock","10":"taxable","11":"shipping-taxable","12":"purchasable","13":"product-type-simple"},"acf":[],"yoast_head":"<!-- This site is optimized with the Yoast SEO plugin v27.4 - https:\/\/yoast.com\/product\/yoast-seo-wordpress\/ -->\n<title>Das Clematis Jahrbuch - Clematis Westphal<\/title>\n<meta name=\"robots\" content=\"index, follow, max-snippet:-1, max-image-preview:large, max-video-preview:-1\" \/>\n<link rel=\"canonical\" href=\"https:\/\/clematis-westphal.de\/en\/produkt\/das-clematis-jahrbuch\/\" \/>\n<meta property=\"og:locale\" content=\"en_US\" \/>\n<meta property=\"og:type\" content=\"article\" \/>\n<meta property=\"og:title\" content=\"Das Clematis Jahrbuch - Clematis Westphal\" \/>\n<meta property=\"og:description\" content=\"Das Clematis Jahrbuch, 96 Seiten. ISBN: 978-3-00-055446-9. Autor: Friedrich Manfred Westphal.\u00a0(Kann auch \u00fcber den\u00a0Buchhandel erworben werden) Gliederung in 12 Monate. Umfangreiche bebilderte Beschreibungen, Monat f\u00fcr Monat. Viele neue Details wie z.B. Termingerechte Pflege, Pflanzung, Bew\u00e4sserung, Ern\u00e4hrung, Kletterhilfen, R\u00fcckschnitt, Krankheiten und\u00a0Sch\u00e4dlinge.\" \/>\n<meta property=\"og:url\" content=\"https:\/\/clematis-westphal.de\/en\/produkt\/das-clematis-jahrbuch\/\" \/>\n<meta property=\"og:site_name\" content=\"Clematis Westphal\" \/>\n<meta property=\"article:modified_time\" content=\"2025-06-02T10:33:48+00:00\" \/>\n<meta property=\"og:image\" content=\"https:\/\/clematis-westphal.de\/wp-content\/uploads\/2022\/01\/Jahrbuch_Shop.jpg\" \/>\n\t<meta property=\"og:image:width\" content=\"420\" \/>\n\t<meta property=\"og:image:height\" content=\"420\" \/>\n\t<meta property=\"og:image:type\" content=\"image\/jpeg\" \/>\n<meta name=\"twitter:card\" content=\"summary_large_image\" \/>\n<script type=\"application\/ld+json\" class=\"yoast-schema-graph\">{\"@context\":\"https:\\\/\\\/schema.org\",\"@graph\":[{\"@type\":\"WebPage\",\"@id\":\"https:\\\/\\\/clematis-westphal.de\\\/en\\\/produkt\\\/das-clematis-jahrbuch\\\/\",\"url\":\"https:\\\/\\\/clematis-westphal.de\\\/en\\\/produkt\\\/das-clematis-jahrbuch\\\/\",\"name\":\"Das Clematis Jahrbuch - Clematis Westphal\",\"isPartOf\":{\"@id\":\"https:\\\/\\\/clematis-westphal.de\\\/en\\\/#website\"},\"primaryImageOfPage\":{\"@id\":\"https:\\\/\\\/clematis-westphal.de\\\/en\\\/produkt\\\/das-clematis-jahrbuch\\\/#primaryimage\"},\"image\":{\"@id\":\"https:\\\/\\\/clematis-westphal.de\\\/en\\\/produkt\\\/das-clematis-jahrbuch\\\/#primaryimage\"},\"thumbnailUrl\":\"https:\\\/\\\/clematis-westphal.de\\\/wp-content\\\/uploads\\\/2022\\\/01\\\/Jahrbuch_Shop.jpg\",\"datePublished\":\"2022-01-28T14:02:03+00:00\",\"dateModified\":\"2025-06-02T10:33:48+00:00\",\"breadcrumb\":{\"@id\":\"https:\\\/\\\/clematis-westphal.de\\\/en\\\/produkt\\\/das-clematis-jahrbuch\\\/#breadcrumb\"},\"inLanguage\":\"en-US\",\"potentialAction\":[{\"@type\":\"ReadAction\",\"target\":[\"https:\\\/\\\/clematis-westphal.de\\\/en\\\/produkt\\\/das-clematis-jahrbuch\\\/\"]}]},{\"@type\":\"ImageObject\",\"inLanguage\":\"en-US\",\"@id\":\"https:\\\/\\\/clematis-westphal.de\\\/en\\\/produkt\\\/das-clematis-jahrbuch\\\/#primaryimage\",\"url\":\"https:\\\/\\\/clematis-westphal.de\\\/wp-content\\\/uploads\\\/2022\\\/01\\\/Jahrbuch_Shop.jpg\",\"contentUrl\":\"https:\\\/\\\/clematis-westphal.de\\\/wp-content\\\/uploads\\\/2022\\\/01\\\/Jahrbuch_Shop.jpg\",\"width\":420,\"height\":420},{\"@type\":\"BreadcrumbList\",\"@id\":\"https:\\\/\\\/clematis-westphal.de\\\/en\\\/produkt\\\/das-clematis-jahrbuch\\\/#breadcrumb\",\"itemListElement\":[{\"@type\":\"ListItem\",\"position\":1,\"name\":\"Startseite\",\"item\":\"https:\\\/\\\/clematis-westphal.de\\\/en\\\/homepage\\\/\"},{\"@type\":\"ListItem\",\"position\":2,\"name\":\"Shop\",\"item\":\"https:\\\/\\\/clematis-westphal.de\\\/en\\\/shop-2\\\/\"},{\"@type\":\"ListItem\",\"position\":3,\"name\":\"Das Clematis Jahrbuch\"}]},{\"@type\":\"WebSite\",\"@id\":\"https:\\\/\\\/clematis-westphal.de\\\/en\\\/#website\",\"url\":\"https:\\\/\\\/clematis-westphal.de\\\/en\\\/\",\"name\":\"Clematis Westphal\",\"description\":\"Der Clematis Onlineshop\",\"publisher\":{\"@id\":\"https:\\\/\\\/clematis-westphal.de\\\/en\\\/#organization\"},\"potentialAction\":[{\"@type\":\"SearchAction\",\"target\":{\"@type\":\"EntryPoint\",\"urlTemplate\":\"https:\\\/\\\/clematis-westphal.de\\\/en\\\/?s={search_term_string}\"},\"query-input\":{\"@type\":\"PropertyValueSpecification\",\"valueRequired\":true,\"valueName\":\"search_term_string\"}}],\"inLanguage\":\"en-US\"},{\"@type\":\"Organization\",\"@id\":\"https:\\\/\\\/clematis-westphal.de\\\/en\\\/#organization\",\"name\":\"Clematis Westphal\",\"url\":\"https:\\\/\\\/clematis-westphal.de\\\/en\\\/\",\"logo\":{\"@type\":\"ImageObject\",\"inLanguage\":\"en-US\",\"@id\":\"https:\\\/\\\/clematis-westphal.de\\\/en\\\/#\\\/schema\\\/logo\\\/image\\\/\",\"url\":\"https:\\\/\\\/clematis-westphal.de\\\/wp-content\\\/uploads\\\/2022\\\/01\\\/cropped-Clematis_Westpfahl.jpg\",\"contentUrl\":\"https:\\\/\\\/clematis-westphal.de\\\/wp-content\\\/uploads\\\/2022\\\/01\\\/cropped-Clematis_Westpfahl.jpg\",\"width\":1950,\"height\":325,\"caption\":\"Clematis Westphal\"},\"image\":{\"@id\":\"https:\\\/\\\/clematis-westphal.de\\\/en\\\/#\\\/schema\\\/logo\\\/image\\\/\"}}]}<\/script>\n<!-- \/ Yoast SEO plugin. -->","yoast_head_json":{"title":"Das Clematis Jahrbuch - Clematis Westphal","robots":{"index":"index","follow":"follow","max-snippet":"max-snippet:-1","max-image-preview":"max-image-preview:large","max-video-preview":"max-video-preview:-1"},"canonical":"https:\/\/clematis-westphal.de\/en\/produkt\/das-clematis-jahrbuch\/","og_locale":"en_US","og_type":"article","og_title":"Das Clematis Jahrbuch - Clematis Westphal","og_description":"Das Clematis Jahrbuch, 96 Seiten. ISBN: 978-3-00-055446-9. Autor: Friedrich Manfred Westphal.\u00a0(Kann auch \u00fcber den\u00a0Buchhandel erworben werden) Gliederung in 12 Monate. Umfangreiche bebilderte Beschreibungen, Monat f\u00fcr Monat. Viele neue Details wie z.B. Termingerechte Pflege, Pflanzung, Bew\u00e4sserung, Ern\u00e4hrung, Kletterhilfen, R\u00fcckschnitt, Krankheiten und\u00a0Sch\u00e4dlinge.","og_url":"https:\/\/clematis-westphal.de\/en\/produkt\/das-clematis-jahrbuch\/","og_site_name":"Clematis Westphal","article_modified_time":"2025-06-02T10:33:48+00:00","og_image":[{"width":420,"height":420,"url":"https:\/\/clematis-westphal.de\/wp-content\/uploads\/2022\/01\/Jahrbuch_Shop.jpg","type":"image\/jpeg"}],"twitter_card":"summary_large_image","schema":{"@context":"https:\/\/schema.org","@graph":[{"@type":"WebPage","@id":"https:\/\/clematis-westphal.de\/en\/produkt\/das-clematis-jahrbuch\/","url":"https:\/\/clematis-westphal.de\/en\/produkt\/das-clematis-jahrbuch\/","name":"Das Clematis Jahrbuch - Clematis Westphal","isPartOf":{"@id":"https:\/\/clematis-westphal.de\/en\/#website"},"primaryImageOfPage":{"@id":"https:\/\/clematis-westphal.de\/en\/produkt\/das-clematis-jahrbuch\/#primaryimage"},"image":{"@id":"https:\/\/clematis-westphal.de\/en\/produkt\/das-clematis-jahrbuch\/#primaryimage"},"thumbnailUrl":"https:\/\/clematis-westphal.de\/wp-content\/uploads\/2022\/01\/Jahrbuch_Shop.jpg","datePublished":"2022-01-28T14:02:03+00:00","dateModified":"2025-06-02T10:33:48+00:00","breadcrumb":{"@id":"https:\/\/clematis-westphal.de\/en\/produkt\/das-clematis-jahrbuch\/#breadcrumb"},"inLanguage":"en-US","potentialAction":[{"@type":"ReadAction","target":["https:\/\/clematis-westphal.de\/en\/produkt\/das-clematis-jahrbuch\/"]}]},{"@type":"ImageObject","inLanguage":"en-US","@id":"https:\/\/clematis-westphal.de\/en\/produkt\/das-clematis-jahrbuch\/#primaryimage","url":"https:\/\/clematis-westphal.de\/wp-content\/uploads\/2022\/01\/Jahrbuch_Shop.jpg","contentUrl":"https:\/\/clematis-westphal.de\/wp-content\/uploads\/2022\/01\/Jahrbuch_Shop.jpg","width":420,"height":420},{"@type":"BreadcrumbList","@id":"https:\/\/clematis-westphal.de\/en\/produkt\/das-clematis-jahrbuch\/#breadcrumb","itemListElement":[{"@type":"ListItem","position":1,"name":"Startseite","item":"https:\/\/clematis-westphal.de\/en\/homepage\/"},{"@type":"ListItem","position":2,"name":"Shop","item":"https:\/\/clematis-westphal.de\/en\/shop-2\/"},{"@type":"ListItem","position":3,"name":"Das Clematis Jahrbuch"}]},{"@type":"WebSite","@id":"https:\/\/clematis-westphal.de\/en\/#website","url":"https:\/\/clematis-westphal.de\/en\/","name":"Clematis Westphal","description":"Der Clematis Onlineshop","publisher":{"@id":"https:\/\/clematis-westphal.de\/en\/#organization"},"potentialAction":[{"@type":"SearchAction","target":{"@type":"EntryPoint","urlTemplate":"https:\/\/clematis-westphal.de\/en\/?s={search_term_string}"},"query-input":{"@type":"PropertyValueSpecification","valueRequired":true,"valueName":"search_term_string"}}],"inLanguage":"en-US"},{"@type":"Organization","@id":"https:\/\/clematis-westphal.de\/en\/#organization","name":"Clematis Westphal","url":"https:\/\/clematis-westphal.de\/en\/","logo":{"@type":"ImageObject","inLanguage":"en-US","@id":"https:\/\/clematis-westphal.de\/en\/#\/schema\/logo\/image\/","url":"https:\/\/clematis-westphal.de\/wp-content\/uploads\/2022\/01\/cropped-Clematis_Westpfahl.jpg","contentUrl":"https:\/\/clematis-westphal.de\/wp-content\/uploads\/2022\/01\/cropped-Clematis_Westpfahl.jpg","width":1950,"height":325,"caption":"Clematis Westphal"},"image":{"@id":"https:\/\/clematis-westphal.de\/en\/#\/schema\/logo\/image\/"}}]}},"_links":{"self":[{"href":"https:\/\/clematis-westphal.de\/en\/wp-json\/wp\/v2\/product\/1649","targetHints":{"allow":["GET"]}}],"collection":[{"href":"https:\/\/clematis-westphal.de\/en\/wp-json\/wp\/v2\/product"}],"about":[{"href":"https:\/\/clematis-westphal.de\/en\/wp-json\/wp\/v2\/types\/product"}],"wp:featuredmedia":[{"embeddable":true,"href":"https:\/\/clematis-westphal.de\/en\/wp-json\/wp\/v2\/media\/6967"}],"wp:attachment":[{"href":"https:\/\/clematis-westphal.de\/en\/wp-json\/wp\/v2\/media?parent=1649"}],"wp:term":[{"taxonomy":"product_brand","embeddable":true,"href":"https:\/\/clematis-westphal.de\/en\/wp-json\/wp\/v2\/product_brand?post=1649"},{"taxonomy":"product_cat","embeddable":true,"href":"https:\/\/clematis-westphal.de\/en\/wp-json\/wp\/v2\/product_cat?post=1649"},{"taxonomy":"product_tag","embeddable":true,"href":"https:\/\/clematis-westphal.de\/en\/wp-json\/wp\/v2\/product_tag?post=1649"}],"curies":[{"name":"wp","href":"https:\/\/api.w.org\/{rel}","templated":true}]}}